{"id":307,"date":"2021-10-12T10:01:08","date_gmt":"2021-10-12T09:01:08","guid":{"rendered":"https:\/\/rwajman.iis.p.lodz.pl\/wordpress\/?page_id=307"},"modified":"2023-07-18T09:20:46","modified_gmt":"2023-07-18T08:20:46","slug":"prace-dyplomowe-gk","status":"publish","type":"page","link":"https:\/\/rwajman.iis.p.lodz.pl\/wordpress\/prace-dyplomowe-gk\/","title":{"rendered":"Prace dyplomowe GKiSM"},"content":{"rendered":"<h2>Drodzy s\u0142uchacze,<\/h2>\n<p>Zapraszam do realizacji prac dyplomowym. Zakres tematyczny mo\u017ce obejmowa\u0107 takie elementy, jak:<\/p>\n<ul>\n<li>identyfikacja wizualna (ang.\u00a0<em>corporate identity, visual identity<\/em>),<\/li>\n<li>strona internetowa przedsi\u0119biorstwa wraz z opracowaniem graficznym element\u00f3w wizualnych,<\/li>\n<li>gra, wycieczka, prezentacja multimedialna,<\/li>\n<li>wizualizacja graficzna,<\/li>\n<li>i wiele innych pomys\u0142\u00f3w, kt\u00f3re Pa\u0144stwo chcieliby\u015bcie zrealizowa\u0107.<\/li>\n<\/ul>\n<p>Realizacja projektu mo\u017ce uwzgl\u0119dnia\u0107 oprogramowanie Adobe Illustrator, Photoshop, ale nie tylko.<\/p>\n<p><a href=\"https:\/\/rwajman.iis.p.lodz.pl\/materials\/!podyplomowe\/wytyczne_pracy_podyplomowe.pdf\">Wytyczne pisania pracy dyplomowej GKiTM<\/a><\/p>\n<h2>Poni\u017cej lista dotychczasowych prac, kt\u00f3rymi si\u0119 opiekowa\u0142em.<\/h2>\n<table width=\"100%\">\n<tbody>\n<tr>\n<td><strong>Temat:\u00a0<\/strong>Kalendarz owocowy. Od projektu do druku<\/p>\n<p>Rok akademicki: 2021\/2022 (nab\u00f3r 29)<\/td>\n<td><strong>5<\/strong><br \/>\n2022-07-30<\/td>\n<\/tr>\n<tr>\n<td><strong>Temat:\u00a0<\/strong>Rekonstrukcja komputerowa maszyny do szycia z ko\u0144ca XIX wieku w zakresie zdobie\u0144 na powierzchniach metalowych<\/p>\n<p>Rok akademicki: 2021\/2022 (nab\u00f3r 29)<\/td>\n<td><strong>5<br \/>\n<\/strong>2022-09-24<\/td>\n<\/tr>\n<tr>\n<td><strong>Temat:\u00a0<\/strong>Ksi\u0119ga znaku firmy &#8220;Na wz\u00f3r&#8221;<\/p>\n<p>Rok akademicki: 2021\/2022 (nab\u00f3r 29)<\/td>\n<td><strong>5<br \/>\n<\/strong>2022-09-24<\/td>\n<\/tr>\n<tr>\n<td><strong>Temat:\u00a0<\/strong>Relacja mi\u0119dzy plam\u0105 a lini\u0105 &#8211; projekt wzoru na tekstyli\u0119<\/p>\n<p>Rok akademicki: 2021\/2022 (nab\u00f3r 29)<\/td>\n<td><strong>5<\/strong><br \/>\n2022-09-24<\/td>\n<\/tr>\n<tr>\n<td><strong>Temat:\u00a0<\/strong>D\u0105\u017cenie do fotorealizmu w modelowaniu 3D. Wykorzystanie mo\u017cliwo\u015bci programu Blender<\/p>\n<p>Rok akademicki: 2019\/20 (nab\u00f3r 28)<\/td>\n<td><strong>5<\/strong><br \/>\n2021-03-28<\/td>\n<\/tr>\n<tr>\n<td><strong>Temat:\u00a0<\/strong>Projekt systemu identyfikacji wizualnej dla firmy B.B. KINGS<\/p>\n<p>Rok akademicki: 2019\/20 (nab\u00f3r 28)<\/td>\n<td><strong>5<\/strong><br \/>\n2021-01-30<\/td>\n<\/tr>\n<tr>\n<td><strong>Temat:\u00a0<\/strong>Identyfikacja wizualna i kampania informacyjna programu profilaktyki nowotworu sk\u00f3ry<\/p>\n<p>Rok akademicki: 2019\/20 (nab\u00f3r 28)<\/td>\n<td><strong>5<\/strong><br \/>\n2021-01-30<\/td>\n<\/tr>\n<tr>\n<td><strong>Temat:\u00a0<\/strong>Makiety funkcjonalne aplikacji mobilnej<\/p>\n<p>Rok akademicki: 2019\/20 (nab\u00f3r 28)<\/td>\n<td><strong>5<\/strong><br \/>\n2021-03-28<\/td>\n<\/tr>\n<tr>\n<td><strong>Temat:\u00a0<\/strong>Identyfikacja wizualna dzia\u0142alno\u015bci fizjoterapeutycznej<\/p>\n<p>Rok akademicki: 2019\/20 (nab\u00f3r 28)<\/td>\n<td><strong>5<\/strong><br \/>\n2021-03-28<\/td>\n<\/tr>\n<tr>\n<td><strong>Temat:\u00a0<\/strong>Zaginione kr\u00f3lestwo &#8211; grafika koncepcyjna do gry komputerowej typu point-and-click<\/p>\n<p>Rok akademicki: 2019\/20 (nab\u00f3r 28)<\/td>\n<td><strong>5<\/strong><br \/>\n2021-01-30<\/td>\n<\/tr>\n<tr>\n<td><strong>Temat:\u00a0<\/strong>Analiza technologii projektowania stron z uwzgl\u0119dnieniem wybranych efekt\u00f3w graficznych i funkcjonalnych<\/p>\n<p>Rok akademicki: 2018\/19 (nab\u00f3r 26)<\/td>\n<td><strong>4<\/strong><br \/>\n2019-11-23<\/td>\n<\/tr>\n<tr>\n<td><strong>Temat:\u00a0<\/strong>Projekt tematycznej kolekcji nadruk\u00f3w na odzie\u017c sportow\u0105<\/p>\n<p>Rok akademicki: 2018\/19 (nab\u00f3r 26)<\/td>\n<td><strong>5<\/strong><br \/>\n2019-11-23<\/td>\n<\/tr>\n<tr>\n<td><strong>Temat:\u00a0<\/strong>Migracja strony internetowej z systemu Joomla do WordPress i wprowadzenie mechanizm\u00f3w zabezpiecze\u0144<\/p>\n<p>Rok akademicki: 2018\/19 (nab\u00f3r 26)<\/td>\n<td><strong>5<\/strong><br \/>\n2019-09-28<\/td>\n<\/tr>\n<tr>\n<td><strong>Temat:\u00a0<\/strong>Projekt ksi\u0119gi to\u017csamo\u015bci oraz gad\u017cet\u00f3w reklamowych dla Akademickiego Ch\u00f3ru Politechniki \u0141\u00f3dzkiej<\/p>\n<p>Rok akademicki: 2018\/19 (nab\u00f3r 26)<\/td>\n<td><strong>4,5<\/strong><br \/>\n2019-09-28<\/td>\n<\/tr>\n<tr>\n<td><strong>Temat:\u00a0<\/strong>Projekt materia\u0142\u00f3w promocyjnych Instytutu Papiernictwa i Poligrafii<\/p>\n<p>Rok akademicki: 2017\/18 (nab\u00f3r 24)<\/td>\n<td><strong>5<\/strong><br \/>\n2018-04-15<\/td>\n<\/tr>\n<tr>\n<td><strong>Temat:\u00a0<\/strong>Cykl portret\u00f3w u\u017cytkownik\u00f3w portalu spo\u0142eczno\u015bciowego Instagram z zachowaniem stylu komiksowego<\/p>\n<p>Rok akademicki: 2017\/18 (nab\u00f3r 23)<\/td>\n<td><strong>5<\/strong><br \/>\n2018-04-15<\/td>\n<\/tr>\n<tr>\n<td><strong>Temat:\u00a0<\/strong>Seria wzor\u00f3w skarpet w dw\u00f3ch kategoriach tematycznych zainspirowanych dzia\u0142alno\u015bci\u0105 \u201eMany mornings\u201d<\/p>\n<p>Rok akademicki: 2016\/17 (nab\u00f3r nr 22)<\/td>\n<td><strong>5<\/strong><br \/>\n2017-11-26<\/td>\n<\/tr>\n<tr>\n<td><strong>Temat:\u00a0<\/strong>Projekt tematycznych rysunk\u00f3w na potrzeby nadruk\u00f3w sublimacyjnych<\/p>\n<p>Rok akademicki: 2016\/17 (nab\u00f3r nr 22)<\/td>\n<td><strong>5<\/strong><br \/>\n2017-06-24<\/td>\n<\/tr>\n<tr>\n<td><strong>Temat:\u00a0<\/strong>Projekt serii materia\u0142\u00f3w promocyjnych i identyfikacji wizualnej serwisu Autodna<\/p>\n<p>Rok akademicki: 2016\/17 (nab\u00f3r nr 22)<\/td>\n<td><strong>5<\/strong><br \/>\n2017-09-24<\/td>\n<\/tr>\n<tr>\n<td><strong>Temat:\u00a0<\/strong>Projekt opakowa\u0144 produkt\u00f3w leczniczych<\/p>\n<p>Rok akademicki: 2016\/17 (nab\u00f3r nr 21)<\/td>\n<td><strong>5<\/strong><br \/>\n2017-07-01<\/td>\n<\/tr>\n<tr>\n<td><strong>Temat:\u00a0<\/strong>Projekt Gry &#8220;Pi(g)xel Warrior&#8221; w technologii Flash<\/p>\n<p>Rok akademicki: 2014\/15 (nab\u00f3r 18)<\/td>\n<td><strong>5<\/strong><br \/>\n2015-09-19<\/td>\n<\/tr>\n<tr>\n<td><strong>Temat:\u00a0<\/strong>Projekt witryny internetowej firmy p.t. Tanalski<\/p>\n<p>Rok akademicki: 2014\/15 (nab\u00f3r 18)<\/td>\n<td><strong>5<\/strong><br \/>\n2015-11-27<\/td>\n<\/tr>\n<tr>\n<td><strong>Temat:\u00a0<\/strong>Projekt gry komputerowej wykonany w technologii Flash \u201ePodr\u00f3\u017ce Ksi\u0119cia\u201d<\/p>\n<p>Rok akademicki: 2014\/15 (nab\u00f3r 18)<\/td>\n<td><strong>5<\/strong><br \/>\n2015-11-27<\/td>\n<\/tr>\n<tr>\n<td><strong>Temat:\u00a0<\/strong>Strona internetowa galerii \u015blubnej<\/p>\n<p>Rok akademicki: 2014\/15 (nab\u00f3r 18)<\/td>\n<td><strong>5<\/strong><br \/>\n2015-11-27<\/td>\n<\/tr>\n<tr>\n<td><strong>Temat:\u00a0<\/strong>Projekt gry komputerowej typu \u201eEscape the room\u201d w technologii Flash<\/p>\n<p>Rok akademicki: 2014\/15 (nab\u00f3r 19)<\/td>\n<td><strong>5<\/strong><br \/>\n2016-04-21<\/td>\n<\/tr>\n<tr>\n<td><strong>Temat:\u00a0<\/strong>Projekt interaktywnej mini ksi\u0105\u017cki w Photoshop i InDesign<\/p>\n<p>Rok akademicki: 2014\/15 (nab\u00f3r 19)<\/td>\n<td><strong>5<\/strong><br \/>\n2016-04-21<\/td>\n<\/tr>\n<tr>\n<td><strong>Temat:\u00a0<\/strong>Projekt multimedialnego przewodnika po ul. Piotrkowskiej w \u0141odzi<\/p>\n<p>Rok akademicki: 2015\/16 (nab\u00f3r 20)<\/td>\n<td><strong>5<\/strong><br \/>\n2016-09-25<\/td>\n<\/tr>\n<tr>\n<td><strong>Temat:\u00a0<\/strong>Wizualizacja systemu automatyki procesowej minibrowar\u00f3w wykonana w formie strony www<\/p>\n<p>Rok akademicki: 2015\/16 (nab\u00f3r 20)<\/td>\n<td><strong>5<\/strong><br \/>\n2016-09-25<\/td>\n<\/tr>\n<tr>\n<td><strong>Temat:\u00a0<\/strong>Wirtualna wycieczka po najstarszej szkole w Polsce. Po\u0142\u0105czenie mo\u017cliwo\u015bci Photoshop i Flash<\/p>\n<p>Rok akademicki: 2015\/16 (nab\u00f3r 20)<\/td>\n<td><strong>5<\/strong><br \/>\n2016-09-25<\/td>\n<\/tr>\n<tr>\n<td><strong>Temat:\u00a0<\/strong>Projekt identyfikacji wizualnej sklepu zoologicznego<\/p>\n<p>Rok akademicki: 2015\/16 (nab\u00f3r 20)<\/td>\n<td><strong>5<\/strong><br \/>\n2016-09-25<\/td>\n<\/tr>\n<tr>\n<td><strong>Temat:\u00a0<\/strong>Projekt ksi\u0119gi identyfikacji wizualnej serwisu gitarowego<\/p>\n<p>Rok akademicki: 2015\/16 (nab\u00f3r 20)<\/td>\n<td><strong>5<\/strong><br \/>\n2016-06-26<\/td>\n<\/tr>\n<tr>\n<td><strong>Temat:\u00a0<\/strong>Projekt kolekcji nadruk\u00f3w na T-shirty<\/p>\n<p>Rok akademicki: 2015\/16 (nab\u00f3r 20)<\/td>\n<td><strong>5<\/strong><br \/>\n2016-11-27<\/td>\n<\/tr>\n<\/tbody>\n<\/table>\n<p>&nbsp;<\/p>\n<p>&nbsp;<\/p>\n","protected":false},"excerpt":{"rendered":"<p>Drodzy s\u0142uchacze, Zapraszam do realizacji prac dyplomowym. Zakres tematyczny mo\u017ce obejmowa\u0107 takie elementy, jak: identyfikacja wizualna (ang.\u00a0corporate identity, visual identity), strona internetowa przedsi\u0119biorstwa wraz z opracowaniem graficznym element\u00f3w wizualnych, gra, wycieczka, prezentacja multimedialna, wizualizacja graficzna, i wiele innych pomys\u0142\u00f3w, kt\u00f3re &hellip; <a href=\"https:\/\/rwajman.iis.p.lodz.pl\/wordpress\/prace-dyplomowe-gk\/\">Continue reading <span class=\"meta-nav\">&rarr;<\/span><\/a><\/p>\n","protected":false},"author":1,"featured_media":0,"parent":0,"menu_order":0,"comment_status":"closed","ping_status":"closed","template":"","meta":{"footnotes":""},"class_list":["post-307","page","type-page","status-publish","hentry"],"_links":{"self":[{"href":"https:\/\/rwajman.iis.p.lodz.pl\/wordpress\/wp-json\/wp\/v2\/pages\/307","targetHints":{"allow":["GET"]}}],"collection":[{"href":"https:\/\/rwajman.iis.p.lodz.pl\/wordpress\/wp-json\/wp\/v2\/pages"}],"about":[{"href":"https:\/\/rwajman.iis.p.lodz.pl\/wordpress\/wp-json\/wp\/v2\/types\/page"}],"author":[{"embeddable":true,"href":"https:\/\/rwajman.iis.p.lodz.pl\/wordpress\/wp-json\/wp\/v2\/users\/1"}],"replies":[{"embeddable":true,"href":"https:\/\/rwajman.iis.p.lodz.pl\/wordpress\/wp-json\/wp\/v2\/comments?post=307"}],"version-history":[{"count":10,"href":"https:\/\/rwajman.iis.p.lodz.pl\/wordpress\/wp-json\/wp\/v2\/pages\/307\/revisions"}],"predecessor-version":[{"id":358,"href":"https:\/\/rwajman.iis.p.lodz.pl\/wordpress\/wp-json\/wp\/v2\/pages\/307\/revisions\/358"}],"wp:attachment":[{"href":"https:\/\/rwajman.iis.p.lodz.pl\/wordpress\/wp-json\/wp\/v2\/media?parent=307"}],"curies":[{"name":"wp","href":"https:\/\/api.w.org\/{rel}","templated":true}]}}